{"id":19176,"date":"2026-04-06T17:50:42","date_gmt":"2026-04-06T15:50:42","guid":{"rendered":"https:\/\/stream2.ondastreaming.eu\/?page_id=19176"},"modified":"2026-04-10T10:48:41","modified_gmt":"2026-04-10T08:48:41","slug":"home-page-stefania","status":"publish","type":"page","link":"https:\/\/stream2.ondastreaming.eu\/","title":{"rendered":"Home Page Stefania"},"content":{"rendered":"<section class=\"no-padding\"><div class=\"container-fluid\"><div class=\"row\"><div class=\"wpb_column hcode-column-container  col-xs-mobile-fullwidth\" data-front-class=\"col-xs-mobile-fullwidth front-column-class\"><div class=\"vc-column-innner-wrapper\"><div id=\"hcode-owl-slider18-1\" class=\"owl-carousel owl-theme hcode-owl-slider18-1 hcode-owl-slider18  round-pagination light-pagination dark-navigation white-cursor  hcode-owl-slider18 \"><div class=\"item owl-bg-img bg-image-srcset\" style=\"background-image:url(https:\/\/stream2.ondastreaming.eu\/wp-content\/uploads\/2025\/11\/stefania03.jpg)\" data-bg-srcset=\"https:\/\/stream2.ondastreaming.eu\/wp-content\/uploads\/2025\/11\/stefania03.jpg 1745w, https:\/\/stream2.ondastreaming.eu\/wp-content\/uploads\/2025\/11\/stefania03-300x172.jpg 300w, https:\/\/stream2.ondastreaming.eu\/wp-content\/uploads\/2025\/11\/stefania03-1024x587.jpg 1024w, https:\/\/stream2.ondastreaming.eu\/wp-content\/uploads\/2025\/11\/stefania03-768x440.jpg 768w, https:\/\/stream2.ondastreaming.eu\/wp-content\/uploads\/2025\/11\/stefania03-1536x880.jpg 1536w, https:\/\/stream2.ondastreaming.eu\/wp-content\/uploads\/2025\/11\/stefania03-81x46.jpg 81w\"><div class=\"container full-screen position-relative\" ><div class=\"slider-typography\"><div class=\"slider-text-middle-main\"><div class=\"slider-text-middle slider-text-middle2 text-left animated fadeInUp\"><span class=\"slider-subtitle2 alt-font black-text hcode-font-setting-6a091d935d02e\" style=\"color:#f4698e !important \">``Tutte le arti contribuiscono...<\/span><\/div><\/div><\/div><\/div><\/div><div class=\"item owl-bg-img bg-image-srcset\" style=\"background-image:url(https:\/\/stream2.ondastreaming.eu\/wp-content\/uploads\/2025\/11\/stefania01.jpg)\" data-bg-srcset=\"https:\/\/stream2.ondastreaming.eu\/wp-content\/uploads\/2025\/11\/stefania01.jpg 1745w, https:\/\/stream2.ondastreaming.eu\/wp-content\/uploads\/2025\/11\/stefania01-300x172.jpg 300w, https:\/\/stream2.ondastreaming.eu\/wp-content\/uploads\/2025\/11\/stefania01-1024x587.jpg 1024w, https:\/\/stream2.ondastreaming.eu\/wp-content\/uploads\/2025\/11\/stefania01-768x440.jpg 768w, https:\/\/stream2.ondastreaming.eu\/wp-content\/uploads\/2025\/11\/stefania01-1536x880.jpg 1536w, https:\/\/stream2.ondastreaming.eu\/wp-content\/uploads\/2025\/11\/stefania01-81x46.jpg 81w\"><div class=\"container full-screen position-relative\" ><div class=\"slider-typography\"><div class=\"slider-text-middle-main\"><div class=\"slider-text-middle slider-text-middle2 text-left animated fadeInUp\"><span class=\"slider-subtitle2 alt-font black-text hcode-font-setting-6a091d935d4f4\" style=\"color:#f4698e !important \">all'arte pi\u00f9 grande di tutte...<\/span><\/div><\/div><\/div><\/div><\/div><div class=\"item owl-bg-img bg-image-srcset\" style=\"background-image:url(https:\/\/stream2.ondastreaming.eu\/wp-content\/uploads\/2025\/11\/stefania03-1.jpg)\" data-bg-srcset=\"https:\/\/stream2.ondastreaming.eu\/wp-content\/uploads\/2025\/11\/stefania03-1.jpg 1745w, https:\/\/stream2.ondastreaming.eu\/wp-content\/uploads\/2025\/11\/stefania03-1-300x172.jpg 300w, https:\/\/stream2.ondastreaming.eu\/wp-content\/uploads\/2025\/11\/stefania03-1-1024x587.jpg 1024w, https:\/\/stream2.ondastreaming.eu\/wp-content\/uploads\/2025\/11\/stefania03-1-768x440.jpg 768w, https:\/\/stream2.ondastreaming.eu\/wp-content\/uploads\/2025\/11\/stefania03-1-1536x880.jpg 1536w, https:\/\/stream2.ondastreaming.eu\/wp-content\/uploads\/2025\/11\/stefania03-1-81x46.jpg 81w\"><div class=\"container full-screen position-relative\" ><div class=\"slider-typography\"><div class=\"slider-text-middle-main\"><div class=\"slider-text-middle slider-text-middle2 text-left animated fadeInUp\"><span class=\"slider-subtitle2 alt-font black-text hcode-font-setting-6a091d935d80d\" style=\"color:#f4698e !important \">quella di vivere``<\/span><\/div><\/div><\/div><\/div><\/div><\/div>        <script type=\"text\/javascript\">jQuery(document).ready(function () { jQuery(\"#hcode-owl-slider18-1\").owlCarousel({ nav: true,dots: true,animateIn: \"fadeIn\",animateOut: \"fadeOut\",autoplay:true, autoplayTimeout: 6000,autoplaySpeed: 1500, autoplayHoverPause: false, loop: true, items: 1,dotsSpeed: 400,navText: [\"<i class='fa-solid fa-angle-left'><\/i>\", \"<i class='fa-solid fa-angle-right'><\/i>\"] }); });<\/script>\n    \t<\/div><\/div><\/div><\/div><\/section><section id=\"mipresento\" class=\"no-padding-bottom\"><div class=\"container\"><div class=\"row\"><div class=\"wpb_column hcode-column-container text-center margin-ten-bottom  vc_col-md-12 col-xs-mobile-fullwidth\" data-front-class=\"text-center margin-ten-bottom col-xs-mobile-fullwidth front-column-class\"><div class=\"vc-column-innner-wrapper\"><span class=\"title-number\" style = \"color: #cfcfcf;\">01<\/span><h3 class=\"section-title no-padding black-text\">Mi presento<\/h3><\/div><\/div><div class=\"wpb_column hcode-column-container text-center xs-margin-ten-bottom vc_col-sm-6 vc_col-md-6 col-xs-mobile-fullwidth\" data-front-class=\"text-center xs-margin-ten-bottom col-xs-mobile-fullwidth\"><div class=\"vc-column-innner-wrapper\"><img loading=\"lazy\" decoding=\"async\" width=\"1260\" height=\"600\" src=\"https:\/\/stream2.ondastreaming.eu\/wp-content\/uploads\/2026\/04\/stefania-carlesso-credeteci-02.jpg\" class=\"\" alt=\"\" srcset=\"https:\/\/stream2.ondastreaming.eu\/wp-content\/uploads\/2026\/04\/stefania-carlesso-credeteci-02.jpg 1260w, https:\/\/stream2.ondastreaming.eu\/wp-content\/uploads\/2026\/04\/stefania-carlesso-credeteci-02-300x143.jpg 300w, https:\/\/stream2.ondastreaming.eu\/wp-content\/uploads\/2026\/04\/stefania-carlesso-credeteci-02-1024x488.jpg 1024w, https:\/\/stream2.ondastreaming.eu\/wp-content\/uploads\/2026\/04\/stefania-carlesso-credeteci-02-768x366.jpg 768w, https:\/\/stream2.ondastreaming.eu\/wp-content\/uploads\/2026\/04\/stefania-carlesso-credeteci-02-81x39.jpg 81w\" sizes=\"auto, (max-width: 1260px) 100vw, 1260px\" \/><\/div><\/div><div class=\"wpb_column hcode-column-container text-justify sm-margin-ten-bottom vc_col-sm-6 vc_col-md-6 col-xs-mobile-fullwidth\" data-front-class=\"text-justify sm-margin-ten-bottom col-xs-mobile-fullwidth\"><div class=\"vc-column-innner-wrapper\"><p class=\"text-large\">Sono un'artista poliedrica, attrice e formatrice, profondamente convinta che il teatro non sia solo un'arte ma anche una potente leva per diffondere consapevolezza, cultura e bellezza.<\/p>\n<p class=\"text-large\">E ne ho la prova, perch\u00e9 una certa storia di riscatto ha cambiato la mia vita. Cos\u00ec, a un'et\u00e0 in cui spesso si \"tirano i remi in barca\", ho iniziato a riscrivere la mia di storia.<\/p>\n<p class=\"text-large\">Se vi dicono che \u00e8 troppo tardi, non credeteci.<\/p>\n<\/div><\/div><\/div><\/div><\/section><section id=\"missione\"><div class=\"container\"><div class=\"row\"><div class=\"wpb_column hcode-column-container text-center margin-ten-bottom vc_col-sm-12 vc_col-md-12 col-xs-mobile-fullwidth\" data-front-class=\"text-center margin-ten-bottom col-xs-mobile-fullwidth\"><div class=\"vc-column-innner-wrapper\"><span class=\"title-number\" style = \"color: #cfcfcf;\">02<\/span><h3 class=\"section-title no-padding black-text\">Essere un'artista, la mia missione<\/h3><\/div><\/div><div class=\"wpb_column hcode-column-container vc_col-sm-6 col-xs-mobile-fullwidth\" data-front-class=\"col-xs-mobile-fullwidth\"><div class=\"vc-column-innner-wrapper\"><div  class=\"col-md-12 no-padding\"><div class=\"col-md-3 col-sm-2 col-xs-2 no-padding\"><i class=\"fa-solid fa-masks-theater medium-icon\" ><\/i><\/div><div class=\"col-md-9 col-sm-9 col-xs-9 no-padding text-left f-right\"><h5 class=\"hcode-featurebox-1 margin-five-bottom\">Attrice<\/h5><p class=\"width-90 text-justify\">Mi sono avvicinata alla recitazione da giovane, formandomi sul campo con un repertorio che spaziava dalla Commedia dell'Arte ai classici come Pirandello, Wilde e Shakespeare. In seguito, ho arricchito il mio percorso con stage condotti da Laura Curino, Roberto Citran, Giuliana Musso, Eugenio Allegri, Damiano Michieletto.<br \/>\nI miei spettacoli nascono da un'esigenza artistica profonda e da lente gestazioni. Sono spesso dedicati all'universo femminile. Attraverso la scena, esploro la forza delle donne, denuncio gli stereotipi che ne ostacolano il cammino e ne indago la complessa interiorit\u00e0.<\/p>\n<\/div><\/div><\/div><\/div><div class=\"wpb_column hcode-column-container vc_col-sm-6 col-xs-mobile-fullwidth\" data-front-class=\"col-xs-mobile-fullwidth\"><div class=\"vc-column-innner-wrapper\"><div  class=\"col-md-12 no-padding\"><div class=\"col-md-3 col-sm-2 col-xs-2 no-padding\"><i class=\"fa-solid fa-seedling medium-icon\" ><\/i><\/div><div class=\"col-md-9 col-sm-9 col-xs-9 no-padding text-left f-right\"><h5 class=\"hcode-featurebox-2 margin-five-bottom\">Formatrice e divulgatrice culturale<\/h5><p class=\"width-90 text-justify\">Mi appassiona la crescita, personale e culturale. In quest'ottica conduco laboratori di teatro, dizione e lettura espressiva per scuole, aziende, biblioteche, universit\u00e0 popolari e privati. Forte della mia formazione umanistica (laurea in lettere con lode), realizzo percorsi museali, narrazioni, eventi a carattere storico-artistico o letterario, con l'intento di rendere l'arte e la storia accessibili e coinvolgenti.<\/p>\n<\/div><\/div><\/div><\/div><div class=\"wpb_column hcode-column-container  col-xs-mobile-fullwidth\" data-front-class=\"col-xs-mobile-fullwidth front-column-class\"><div class=\"vc-column-innner-wrapper\">[vc_separator color=\"white\" css=\".vc_custom_1775490640744{margin-bottom: 18px !important;}\"]<\/div><\/div><div class=\"wpb_column hcode-column-container vc_col-sm-6 col-xs-mobile-fullwidth\" data-front-class=\"col-xs-mobile-fullwidth\"><div class=\"vc-column-innner-wrapper\"><div  class=\"col-md-12 no-padding\"><div class=\"col-md-3 col-sm-2 col-xs-2 no-padding\"><i class=\"fa-solid fa-people-group medium-icon\" ><\/i><\/div><div class=\"col-md-9 col-sm-9 col-xs-9 no-padding text-left f-right\"><h5 class=\"hcode-featurebox-3 margin-five-bottom\">Incontri e collaborazioni<\/h5><p class=\"width-90 text-justify\">Il mio percorso professionale e artistico \u00e8 stato arricchito dall'incontro con numerosi professionisti che operano in ambito teatrale, musicale e culturale, tra cui: Evarossella Biolo, Luca Bassanese, Massimiano Bucchi, Veronica Canale, Beatrice Carbone, Andrea Castello, Miranda Cortes, Pino Costalunga, Marco Cavalli, Valentina Casarotto, Carlo Colombo, Patrizia Laquidara, Marco Pelle, Piergiorgio Piccoli, Gianluigi Meggiorin, Sara Tamburello, Marta dalla Via, Alessandro Zaltron, Anna Zago.<\/p>\n<\/div><\/div><\/div><\/div><div class=\"wpb_column hcode-column-container vc_col-sm-6 col-xs-mobile-fullwidth\" data-front-class=\"col-xs-mobile-fullwidth\"><div class=\"vc-column-innner-wrapper\"><div  class=\"col-md-12 no-padding\"><div class=\"col-md-3 col-sm-2 col-xs-2 no-padding\"><i class=\"fa-solid fa-microphone-lines medium-icon\" ><\/i><\/div><div class=\"col-md-9 col-sm-9 col-xs-9 no-padding text-left f-right\"><h5 class=\"hcode-featurebox-4 margin-five-bottom\">Letture ad alta voce e speakeraggi<\/h5><p class=\"width-90 text-justify\">La lettura ad alta voce, come voce narrante e voice over, \u00e8 un altro aspetto essenziale della mia professione. Cerco, attraverso la voce, di valorizzare il contenuto e la chiarezza di un testo, facilitandone l\u2019ascolto. Credo nel potere delle parole, convinta che siano veri e propri 'incantesimi' capaci di ridisegnare la nostra percezione del mondo.<\/p>\n<\/div><\/div><\/div><\/div><\/div><\/div><\/section><section id=\"proposte\" class=\"no-padding\"><div class=\"container\"><div class=\"row\"><div class=\"wpb_column hcode-column-container text-center  col-xs-mobile-fullwidth\" data-front-class=\"text-center col-xs-mobile-fullwidth front-column-class\"><div class=\"vc-column-innner-wrapper\"><span class=\"title-number\" style = \"color: #CFCFCF;\">03<\/span><h3 class=\"section-title \">Le mie proposte<\/h3><\/div><\/div><div class=\"wpb_column hcode-column-container  col-xs-mobile-fullwidth\" data-front-class=\"col-xs-mobile-fullwidth front-column-class\"><div class=\"vc-column-innner-wrapper\"><div  class=\"portfolio-short-description parallax-portfolio-gallery-parent col-md-12 col-sm-12 col-xs-12 no-padding margin-ten-bottom portfolio-filter-79\"><div class=\"portfolio-short-description-bg pull-left bg-image-srcset hcode-parallax-1\"  style=\"background-image: url(https:\/\/stream2.ondastreaming.eu\/wp-content\/uploads\/2016\/02\/stefania-carlesso-home-page-ret-01.jpg)\" data-bg-srcset=\"https:\/\/stream2.ondastreaming.eu\/wp-content\/uploads\/2016\/02\/stefania-carlesso-home-page-ret-01.jpg 1600w, https:\/\/stream2.ondastreaming.eu\/wp-content\/uploads\/2016\/02\/stefania-carlesso-home-page-ret-01-300x225.jpg 300w, https:\/\/stream2.ondastreaming.eu\/wp-content\/uploads\/2016\/02\/stefania-carlesso-home-page-ret-01-1024x768.jpg 1024w, https:\/\/stream2.ondastreaming.eu\/wp-content\/uploads\/2016\/02\/stefania-carlesso-home-page-ret-01-768x576.jpg 768w, https:\/\/stream2.ondastreaming.eu\/wp-content\/uploads\/2016\/02\/stefania-carlesso-home-page-ret-01-1536x1152.jpg 1536w, https:\/\/stream2.ondastreaming.eu\/wp-content\/uploads\/2016\/02\/stefania-carlesso-home-page-ret-01-81x61.jpg 81w\"><figure class=\"pull-right  wow fadeInRight\"><figcaption><div class=\"separator-line bg-yellow no-margin-lr margin-ten no-margin-top\" style=\"background:#F4698E;\"><\/div><a href=\"https:\/\/stream2.ondastreaming.eu\/index.php\/portfolio\/prosa\/\"><h3 class=\"white-text\">Prosa<\/h3><\/a><div class=\"light-gray-text margin-seven\"><section id=\"prosa\" class=\"no-padding\"><div class=\"wpb_column hcode-column-container no-padding  vc_col-md-12 col-xs-mobile-fullwidth\" data-front-class=\"no-padding col-xs-mobile-fullwidth front-column-class\"><div class=\"vc-column-innner-wrapper\"><p>ENCICLOPEDIA DELLA DONNA PERFETTA<br \/>\nTHE SUN SHINES FOR YOU<\/p>\n<\/div><\/div><\/section><\/div><\/figcaption><\/figure><\/div><\/div><div  class=\"portfolio-short-description parallax-portfolio-gallery-parent col-md-12 col-sm-12 col-xs-12 no-padding margin-ten-bottom portfolio-filter-79\"><div class=\"portfolio-short-description-bg pull-left bg-image-srcset hcode-parallax-1\"  style=\"background-image: url(https:\/\/stream2.ondastreaming.eu\/wp-content\/uploads\/2016\/02\/stefania-carlesso-home-ret-02.jpg)\" data-bg-srcset=\"https:\/\/stream2.ondastreaming.eu\/wp-content\/uploads\/2016\/02\/stefania-carlesso-home-ret-02.jpg 1600w, https:\/\/stream2.ondastreaming.eu\/wp-content\/uploads\/2016\/02\/stefania-carlesso-home-ret-02-300x225.jpg 300w, https:\/\/stream2.ondastreaming.eu\/wp-content\/uploads\/2016\/02\/stefania-carlesso-home-ret-02-1024x768.jpg 1024w, https:\/\/stream2.ondastreaming.eu\/wp-content\/uploads\/2016\/02\/stefania-carlesso-home-ret-02-768x576.jpg 768w, https:\/\/stream2.ondastreaming.eu\/wp-content\/uploads\/2016\/02\/stefania-carlesso-home-ret-02-1536x1152.jpg 1536w, https:\/\/stream2.ondastreaming.eu\/wp-content\/uploads\/2016\/02\/stefania-carlesso-home-ret-02-81x61.jpg 81w\"><figure class=\"pull-right  wow fadeInRight\"><figcaption><div class=\"separator-line bg-yellow no-margin-lr margin-ten no-margin-top\" style=\"background:#F4698E;\"><\/div><a href=\"https:\/\/stream2.ondastreaming.eu\/index.php\/portfolio\/reading\/\"><h3 class=\"white-text\">Reading<\/h3><\/a><div class=\"light-gray-text margin-seven\"><section id=\"reading\" class=\"no-padding\"><div class=\"wpb_column hcode-column-container no-padding  vc_col-md-12 col-xs-mobile-fullwidth\" data-front-class=\"no-padding col-xs-mobile-fullwidth front-column-class\"><div class=\"vc-column-innner-wrapper\"><p>BECOMING JANE. MISS AUSTEN TRA RAGIONE E SENTIMENTO<br \/>\nC\u00d3NTAME E C\u00c0NTAME. RACCONTI VENETI<br \/>\nTINA MERLIN. LA DONNA DEL VAJONT<br \/>\nLA POLENTA QUOTIDIANA<\/p>\n<\/div><\/div><\/section><\/div><\/figcaption><\/figure><\/div><\/div><div  class=\"portfolio-short-description parallax-portfolio-gallery-parent col-md-12 col-sm-12 col-xs-12 no-padding margin-ten-bottom portfolio-filter-79\"><div class=\"portfolio-short-description-bg pull-left bg-image-srcset hcode-parallax-1\"  style=\"background-image: url(https:\/\/stream2.ondastreaming.eu\/wp-content\/uploads\/2016\/02\/stefania-carlesso-home-ret-003.jpg)\" data-bg-srcset=\"https:\/\/stream2.ondastreaming.eu\/wp-content\/uploads\/2016\/02\/stefania-carlesso-home-ret-003.jpg 1600w, https:\/\/stream2.ondastreaming.eu\/wp-content\/uploads\/2016\/02\/stefania-carlesso-home-ret-003-300x225.jpg 300w, https:\/\/stream2.ondastreaming.eu\/wp-content\/uploads\/2016\/02\/stefania-carlesso-home-ret-003-1024x768.jpg 1024w, https:\/\/stream2.ondastreaming.eu\/wp-content\/uploads\/2016\/02\/stefania-carlesso-home-ret-003-768x576.jpg 768w, https:\/\/stream2.ondastreaming.eu\/wp-content\/uploads\/2016\/02\/stefania-carlesso-home-ret-003-1536x1152.jpg 1536w, https:\/\/stream2.ondastreaming.eu\/wp-content\/uploads\/2016\/02\/stefania-carlesso-home-ret-003-81x61.jpg 81w\"><figure class=\"pull-right  wow fadeInRight\"><figcaption><div class=\"separator-line bg-yellow no-margin-lr margin-ten no-margin-top\" style=\"background:#F4698E;\"><\/div><a href=\"https:\/\/stream2.ondastreaming.eu\/index.php\/portfolio\/arte-a-teatro\/\"><h3 class=\"white-text\">Arte a teatro<\/h3><\/a><div class=\"light-gray-text margin-seven\"><section id=\"arte\" class=\"no-padding\"><div class=\"wpb_column hcode-column-container no-padding  vc_col-md-12 col-xs-mobile-fullwidth\" data-front-class=\"no-padding col-xs-mobile-fullwidth front-column-class\"><div class=\"vc-column-innner-wrapper\"><p>PITTURA A OLIO\u2026 AGLIO E PEPERONCINO<br \/>\nLEONARDO PITTORE, DA VINCI INVENTORE<br \/>\nVAN GOGH MINUTO PER MINUTO<br \/>\nIL TALENTO DI PENELOPE<br \/>\nUN DIVERSO MONET<\/p>\n<\/div><\/div><\/section><\/div><\/figcaption><\/figure><\/div><\/div><div  class=\"portfolio-short-description parallax-portfolio-gallery-parent col-md-12 col-sm-12 col-xs-12 no-padding margin-ten-bottom portfolio-filter-79\"><div class=\"portfolio-short-description-bg pull-left bg-image-srcset hcode-parallax-1\"  style=\"background-image: url(https:\/\/stream2.ondastreaming.eu\/wp-content\/uploads\/2016\/02\/stefania-carlesso-home-ret-004.jpg)\" data-bg-srcset=\"https:\/\/stream2.ondastreaming.eu\/wp-content\/uploads\/2016\/02\/stefania-carlesso-home-ret-004.jpg 1600w, https:\/\/stream2.ondastreaming.eu\/wp-content\/uploads\/2016\/02\/stefania-carlesso-home-ret-004-300x225.jpg 300w, https:\/\/stream2.ondastreaming.eu\/wp-content\/uploads\/2016\/02\/stefania-carlesso-home-ret-004-1024x768.jpg 1024w, https:\/\/stream2.ondastreaming.eu\/wp-content\/uploads\/2016\/02\/stefania-carlesso-home-ret-004-768x576.jpg 768w, https:\/\/stream2.ondastreaming.eu\/wp-content\/uploads\/2016\/02\/stefania-carlesso-home-ret-004-1536x1152.jpg 1536w, https:\/\/stream2.ondastreaming.eu\/wp-content\/uploads\/2016\/02\/stefania-carlesso-home-ret-004-81x61.jpg 81w\"><figure class=\"pull-right  wow fadeInRight\"><figcaption><div class=\"separator-line bg-yellow no-margin-lr margin-ten no-margin-top\" style=\"background:#F4698E;\"><\/div><a href=\"https:\/\/stream2.ondastreaming.eu\/index.php\/portfolio\/formazione\/\"><h3 class=\"white-text\">Formazione<\/h3><\/a><div class=\"light-gray-text margin-seven\"><section id=\"formazione\" class=\"no-padding\"><div class=\"wpb_column hcode-column-container no-padding  vc_col-md-12 col-xs-mobile-fullwidth\" data-front-class=\"no-padding col-xs-mobile-fullwidth front-column-class\"><div class=\"vc-column-innner-wrapper\"><p>LA MAGIA DELLA VOCE<br \/>\nDIZIONE<\/p>\n<\/div><\/div><\/section><\/div><\/figcaption><\/figure><\/div><\/div><div  class=\"portfolio-short-description parallax-portfolio-gallery-parent col-md-12 col-sm-12 col-xs-12 no-padding margin-ten-bottom portfolio-filter-79\"><div class=\"portfolio-short-description-bg pull-left bg-image-srcset hcode-parallax-1\"  style=\"background-image: url(https:\/\/stream2.ondastreaming.eu\/wp-content\/uploads\/2026\/04\/stefania-carlesso-home-ret-005.jpg)\" data-bg-srcset=\"https:\/\/stream2.ondastreaming.eu\/wp-content\/uploads\/2026\/04\/stefania-carlesso-home-ret-005.jpg 1600w, https:\/\/stream2.ondastreaming.eu\/wp-content\/uploads\/2026\/04\/stefania-carlesso-home-ret-005-300x225.jpg 300w, https:\/\/stream2.ondastreaming.eu\/wp-content\/uploads\/2026\/04\/stefania-carlesso-home-ret-005-1024x768.jpg 1024w, https:\/\/stream2.ondastreaming.eu\/wp-content\/uploads\/2026\/04\/stefania-carlesso-home-ret-005-768x576.jpg 768w, https:\/\/stream2.ondastreaming.eu\/wp-content\/uploads\/2026\/04\/stefania-carlesso-home-ret-005-1536x1152.jpg 1536w, https:\/\/stream2.ondastreaming.eu\/wp-content\/uploads\/2026\/04\/stefania-carlesso-home-ret-005-81x61.jpg 81w\"><figure class=\"pull-right  wow fadeInRight\"><figcaption><div class=\"separator-line bg-yellow no-margin-lr margin-ten no-margin-top\" style=\"background:#F4698E;\"><\/div><a href=\"https:\/\/stream2.ondastreaming.eu\/index.php\/portfolio\/percorsi-progetti\/\"><h3 class=\"white-text\">Percorsi &#038; Progetti<\/h3><\/a><div class=\"light-gray-text margin-seven\"><section id=\"progetti\" class=\"no-padding\"><div class=\"wpb_column hcode-column-container no-padding  vc_col-md-12 col-xs-mobile-fullwidth\" data-front-class=\"no-padding col-xs-mobile-fullwidth front-column-class\"><div class=\"vc-column-innner-wrapper\"><p>A VICENZA CON ELISA SALERNO<br \/>\nPALLADIO STREET<\/p>\n<\/div><\/div><\/section><\/div><\/figcaption><\/figure><\/div><\/div><\/div><\/div><\/div><\/div><\/section>","protected":false},"excerpt":{"rendered":"<p>A VICENZA CON ELISA SALERNO PALLADIO STREET<\/p>\n","protected":false},"author":1,"featured_media":0,"parent":0,"menu_order":0,"comment_status":"open","ping_status":"open","template":"","meta":{"footnotes":""},"folder":[],"class_list":["post-19176","page","type-page","status-publish","hentry"],"_links":{"self":[{"href":"https:\/\/stream2.ondastreaming.eu\/index.php\/wp-json\/wp\/v2\/pages\/19176","targetHints":{"allow":["GET"]}}],"collection":[{"href":"https:\/\/stream2.ondastreaming.eu\/index.php\/wp-json\/wp\/v2\/pages"}],"about":[{"href":"https:\/\/stream2.ondastreaming.eu\/index.php\/wp-json\/wp\/v2\/types\/page"}],"author":[{"embeddable":true,"href":"https:\/\/stream2.ondastreaming.eu\/index.php\/wp-json\/wp\/v2\/users\/1"}],"replies":[{"embeddable":true,"href":"https:\/\/stream2.ondastreaming.eu\/index.php\/wp-json\/wp\/v2\/comments?post=19176"}],"version-history":[{"count":70,"href":"https:\/\/stream2.ondastreaming.eu\/index.php\/wp-json\/wp\/v2\/pages\/19176\/revisions"}],"predecessor-version":[{"id":19344,"href":"https:\/\/stream2.ondastreaming.eu\/index.php\/wp-json\/wp\/v2\/pages\/19176\/revisions\/19344"}],"wp:attachment":[{"href":"https:\/\/stream2.ondastreaming.eu\/index.php\/wp-json\/wp\/v2\/media?parent=19176"}],"wp:term":[{"taxonomy":"folder","embeddable":true,"href":"https:\/\/stream2.ondastreaming.eu\/index.php\/wp-json\/wp\/v2\/folder?post=19176"}],"curies":[{"name":"wp","href":"https:\/\/api.w.org\/{rel}","templated":true}]}}